{"id":93,"date":"2022-06-21T20:27:01","date_gmt":"2022-06-21T18:27:01","guid":{"rendered":"https:\/\/lewinteridges.se\/?page_id=93"},"modified":"2023-03-08T19:26:13","modified_gmt":"2023-03-08T17:26:13","slug":"kullar","status":"publish","type":"page","link":"https:\/\/lewinteridges.se\/?page_id=93","title":{"rendered":"Kullar"},"content":{"rendered":"<h1><strong>2022<\/strong><\/h1>\n<p><strong><a href=\"https:\/\/lewinteridges.se\/?page_id=491\"><span style=\"color: #0000ff;\">OTTO kullen<\/span><\/a>:<\/strong> <strong>Oppig\u00e5rden&#8217;s F\u00f6rg\u00e4tmigej<\/strong> aka Elsa &#8211; <strong>Inanda Mellberg Otto JV of Ersted<\/strong> aka Otto<\/p>\n<p><img loading=\"lazy\" decoding=\"async\" class=\"alignleft wp-image-343 size-medium\" src=\"https:\/\/lewinteridges.se\/wp-content\/uploads\/2019\/05\/Elsa1-300x200.jpg\" alt=\"\" width=\"300\" height=\"200\" srcset=\"https:\/\/lewinteridges.se\/wp-content\/uploads\/2019\/05\/Elsa1-300x200.jpg 300w, https:\/\/lewinteridges.se\/wp-content\/uploads\/2019\/05\/Elsa1.jpg 640w\" sizes=\"auto, (max-width: 300px) 100vw, 300px\" \/><img loading=\"lazy\" decoding=\"async\" class=\"alignleft wp-image-663 size-thumbnail\" src=\"https:\/\/lewinteridges.se\/wp-content\/uploads\/2022\/06\/Otto-ZA-10-Jan-15-150x150.jpg\" alt=\"Otto\" width=\"150\" height=\"150\" \/><\/p>\n<p>&nbsp;<\/p>\n<h3><\/h3>\n<h3 style=\"text-align: left;\"><\/h3>\n<p>&nbsp;<\/p>\n<p>&nbsp;<\/p>\n<p>&nbsp;<\/p>\n<p>&nbsp;<\/p>\n","protected":false},"excerpt":{"rendered":"<p>2022 OTTO kullen: Oppig\u00e5rden&#8217;s F\u00f6rg\u00e4tmigej aka Elsa &#8211; Inanda Mellberg Otto JV of Ersted aka Otto &nbsp; &nbsp; &nbsp; &nbsp; &nbsp;<\/p>\n","protected":false},"author":1,"featured_media":0,"parent":0,"menu_order":0,"comment_status":"closed","ping_status":"closed","template":"","meta":{"footnotes":""},"class_list":["post-93","page","type-page","status-publish","hentry"],"_links":{"self":[{"href":"https:\/\/lewinteridges.se\/index.php?rest_route=\/wp\/v2\/pages\/93","targetHints":{"allow":["GET"]}}],"collection":[{"href":"https:\/\/lewinteridges.se\/index.php?rest_route=\/wp\/v2\/pages"}],"about":[{"href":"https:\/\/lewinteridges.se\/index.php?rest_route=\/wp\/v2\/types\/page"}],"author":[{"embeddable":true,"href":"https:\/\/lewinteridges.se\/index.php?rest_route=\/wp\/v2\/users\/1"}],"replies":[{"embeddable":true,"href":"https:\/\/lewinteridges.se\/index.php?rest_route=%2Fwp%2Fv2%2Fcomments&post=93"}],"version-history":[{"count":26,"href":"https:\/\/lewinteridges.se\/index.php?rest_route=\/wp\/v2\/pages\/93\/revisions"}],"predecessor-version":[{"id":966,"href":"https:\/\/lewinteridges.se\/index.php?rest_route=\/wp\/v2\/pages\/93\/revisions\/966"}],"wp:attachment":[{"href":"https:\/\/lewinteridges.se\/index.php?rest_route=%2Fwp%2Fv2%2Fmedia&parent=93"}],"curies":[{"name":"wp","href":"https:\/\/api.w.org\/{rel}","templated":true}]}}