{"id":72,"date":"2018-11-03T19:51:48","date_gmt":"2018-11-03T17:51:48","guid":{"rendered":"https:\/\/lewinteridges.se\/?page_id=72"},"modified":"2025-02-10T12:29:38","modified_gmt":"2025-02-10T10:29:38","slug":"att-kopa-valp-fran-lewinteridges","status":"publish","type":"page","link":"https:\/\/lewinteridges.se\/?page_id=72","title":{"rendered":"Att k\u00f6pa valp fr\u00e5n Lewinteridge&#8217;s"},"content":{"rendered":"<p><strong>Vad f\u00e5r du\/ni som k\u00f6per en valp av Lewinteridge&#8217;s?<\/strong><\/p>\n<ul>\n<li>Registrerad i SKK; stamtavla, registreringsbevis och pass om s\u00e5dant beh\u00f6vs<\/li>\n<li>Veterin\u00e4rbesiktigad\/H\u00e4lsokontroll som inte \u00e4r \u00e4ldre \u00e4n 7 dagar vid leverans<\/li>\n<li>Vaccinerad och avmaskad<\/li>\n<li>Id-m\u00e4rkt med chip<\/li>\n<li>F\u00f6rs\u00e4krad mot dolda fel<\/li>\n<li>SKKs k\u00f6peavtal, l\u00e4s <a href=\"https:\/\/www.skk.se\/uppfodning\/regler-riktlinjer-och-lagar\/avtal\/\"><strong><span style=\"color: #0000ff;\">H\u00c4R<\/span><\/strong><\/a><\/li>\n<li>MH valp dokumentation<\/li>\n<li>Jag anv\u00e4nder rawfood och f\u00e4rskfoder MEN om du\/ni inte \u00f6nskar detta s\u00e5 kommer valpen sista veckan f\u00f6re leveransen fasas in p\u00e5 det foder som \u00f6nskas<\/li>\n<li>Lewinteridge&#8217;s p\u00e4rm med lite bra-att-ha<\/li>\n<li>Medlemskap i <a href=\"http:\/\/srrs.org\"><strong><span style=\"color: #0000ff;\">SRRS<\/span><\/strong><\/a> i ett \u00e5r, tidningen RR-Nytt<\/li>\n<li>Ett l\u00e5ngvarigt och aktivt st\u00f6d fr\u00e5n mig i med- som motg\u00e5ngar<\/li>\n<li>Kenneln st\u00e5r f\u00f6r halva priset p\u00e5 r\u00f6ntgen av armb\u00e5gar och h\u00f6fter <span style=\"color: #0000ff;\"><strong><a style=\"color: #0000ff;\" href=\"https:\/\/www.skk.se\/sv\/uppfodning\/halsa\/halsoprogram\/bestall-rontgenavlasning\/?_t_id=1B2M2Y8AsgTpgAmY7PhCfg%3d%3d&amp;_t_q=r%c3%b6ntga+leder&amp;_t_tags=andquerymatch%2clanguage%3asv%7clanguage%3a7D2DA0A9FC754533B091FA6886A51C0D%2csiteid%3a821afd82-44fd-4b1f-8345-260bc2345d00%7csiteid%3a84BFAF5C52A349A0BC61A9FFB6983A66%2clanguage%3asv&amp;_t_ip=37.3.8.78&amp;_t_hit.id=Skk_Skk_se_Business_Models_Pages_StandardPage\/_7b56c6ba-6438-4da4-9fd0-c1b5f7d03edc_sv&amp;_t_hit.pos=8\">H\u00c4R<\/a><\/strong><\/span><\/li>\n<li>Kenneln betalar f\u00f6r genomf\u00f6rande av <a href=\"https:\/\/www.skk.se\/sv\/uppfodning\/mentalitet\/beteende-och-personlighetsbeskrivning-hund-bph\/?_t_id=1B2M2Y8AsgTpgAmY7PhCfg%3d%3d&amp;_t_q=BPH&amp;_t_tags=andquerymatch%2clanguage%3asv%7clanguage%3a7D2DA0A9FC754533B091FA6886A51C0D%2csiteid%3a821afd82-44fd-4b1f-8345-260bc2345d00%7csiteid%3a84BFAF5C52A349A0BC61A9FFB6983A66%2clanguage%3asv&amp;_t_ip=176.71.237.147&amp;_t_hit.id=Skk_Skk_se_Business_Models_Pages_StandardPage\/_0c054ea0-4798-43f0-9266-364ae1a09ecf_sv&amp;_t_hit.pos=1\"><strong><span style=\"color: #0000ff;\">BPH<\/span><\/strong><\/a><\/li>\n<\/ul>\n<p><em>Lewinteridge&#8217;s f\u00f6rbeh\u00e5ller sig r\u00e4tten att v\u00e4lja valpk\u00f6pare.<\/em><\/p>\n<p><strong>Som valpk\u00f6pare hos mig \u00f6nskar jag att du\/ni:<\/strong><\/p>\n<ul>\n<li>\u00e4r p\u00e5l\u00e4sta om rasen<\/li>\n<li>att din syn p\u00e5 tr\u00e4ning av hund \u00e4r positiv inl\u00e4rning<\/li>\n<li>att hunden blir en sj\u00e4lvklar del i er familj<\/li>\n<li>att ni r\u00f6ntgar armb\u00e5gar och h\u00f6fter <em>(detta \u00e4r v\u00e4ldigt viktigt i mitt avelsarbete och rasens framtida avel\/h\u00e4lsa)\u00a0<\/em><\/li>\n<li>genomf\u00f6r BPH och\/eller MH <em>(denna kommer du\/ni bli inbjudna till och hoppas vi kan g\u00f6ra gemensamt)<\/em><\/li>\n<li>kontaktar mig f\u00f6r att informera om glada som tr\u00e5kiga nyheter eller f\u00f6r att f\u00e5 tips, r\u00e5d och st\u00f6d<\/li>\n<\/ul>\n<p>&nbsp;<\/p>\n<div id=\"attachment_103\" style=\"width: 310px\" class=\"wp-caption alignnone\"><img loading=\"lazy\" decoding=\"async\" aria-describedby=\"caption-attachment-103\" class=\"size-medium wp-image-103\" src=\"https:\/\/lewinteridges.se\/wp-content\/uploads\/2018\/11\/Elsa-bph-300x240.png\" alt=\"\" width=\"300\" height=\"240\" srcset=\"https:\/\/lewinteridges.se\/wp-content\/uploads\/2018\/11\/Elsa-bph-300x240.png 300w, https:\/\/lewinteridges.se\/wp-content\/uploads\/2018\/11\/Elsa-bph.png 600w\" sizes=\"auto, (max-width: 300px) 100vw, 300px\" \/><p id=\"caption-attachment-103\" class=\"wp-caption-text\">Elsa BPH<\/p><\/div>\n","protected":false},"excerpt":{"rendered":"<p>Vad f\u00e5r du\/ni som k\u00f6per en valp av Lewinteridge&#8217;s? Registrerad i SKK; stamtavla, registreringsbevis och pass om s\u00e5dant beh\u00f6vs Veterin\u00e4rbesiktigad\/H\u00e4lsokontroll som inte \u00e4r \u00e4ldre \u00e4n 7 dagar vid leverans Vaccinerad och avmaskad Id-m\u00e4rkt med chip F\u00f6rs\u00e4krad mot dolda fel SKKs k\u00f6peavtal, l\u00e4s H\u00c4R MH valp dokumentation Jag anv\u00e4nder rawfood och f\u00e4rskfoder MEN om du\/ni inte&hellip;<\/p>\n","protected":false},"author":1,"featured_media":0,"parent":24,"menu_order":1,"comment_status":"closed","ping_status":"closed","template":"","meta":{"footnotes":""},"class_list":["post-72","page","type-page","status-publish","hentry"],"_links":{"self":[{"href":"https:\/\/lewinteridges.se\/index.php?rest_route=\/wp\/v2\/pages\/72","targetHints":{"allow":["GET"]}}],"collection":[{"href":"https:\/\/lewinteridges.se\/index.php?rest_route=\/wp\/v2\/pages"}],"about":[{"href":"https:\/\/lewinteridges.se\/index.php?rest_route=\/wp\/v2\/types\/page"}],"author":[{"embeddable":true,"href":"https:\/\/lewinteridges.se\/index.php?rest_route=\/wp\/v2\/users\/1"}],"replies":[{"embeddable":true,"href":"https:\/\/lewinteridges.se\/index.php?rest_route=%2Fwp%2Fv2%2Fcomments&post=72"}],"version-history":[{"count":27,"href":"https:\/\/lewinteridges.se\/index.php?rest_route=\/wp\/v2\/pages\/72\/revisions"}],"predecessor-version":[{"id":1093,"href":"https:\/\/lewinteridges.se\/index.php?rest_route=\/wp\/v2\/pages\/72\/revisions\/1093"}],"up":[{"embeddable":true,"href":"https:\/\/lewinteridges.se\/index.php?rest_route=\/wp\/v2\/pages\/24"}],"wp:attachment":[{"href":"https:\/\/lewinteridges.se\/index.php?rest_route=%2Fwp%2Fv2%2Fmedia&parent=72"}],"curies":[{"name":"wp","href":"https:\/\/api.w.org\/{rel}","templated":true}]}}