{"id":6,"date":"2018-11-03T19:27:19","date_gmt":"2018-11-03T17:27:19","guid":{"rendered":"https:\/\/lewinteridges.se\/?page_id=6"},"modified":"2025-02-10T18:06:31","modified_gmt":"2025-02-10T16:06:31","slug":"elsa","status":"publish","type":"page","link":"https:\/\/lewinteridges.se\/?page_id=6","title":{"rendered":"Elsa"},"content":{"rendered":"<p><strong>SEVCH Oppig\u00e5rden&#8217;s F\u00f6rg\u00e4tmigej <\/strong>aka Elsa<\/p>\n<p><strong>D.O.B<\/strong>: 2016-09-15<\/p>\n<p><strong>Sex<\/strong>: Bitch<img loading=\"lazy\" decoding=\"async\" class=\" wp-image-343 alignright\" src=\"https:\/\/lewinteridges.se\/wp-content\/uploads\/2019\/05\/Elsa1-300x200.jpg\" alt=\"\" width=\"356\" height=\"238\" srcset=\"https:\/\/lewinteridges.se\/wp-content\/uploads\/2019\/05\/Elsa1-300x200.jpg 300w, https:\/\/lewinteridges.se\/wp-content\/uploads\/2019\/05\/Elsa1.jpg 640w\" sizes=\"auto, (max-width: 356px) 100vw, 356px\" \/><\/p>\n<p><strong>Sire<\/strong>: Cassado Than By Borana aka Cassado<\/p>\n<p><strong>Dame<\/strong>: Oppig\u00e5rden&#8217;s Hj\u00e4rter Ess aka Lai<\/p>\n<p><strong>Elbows<\/strong>: 0\/0 Clear<\/p>\n<p><strong>Hips<\/strong>: A\/A Clear<\/p>\n<p><strong>Weight<\/strong>: 29 kg<\/p>\n<p><strong>Height<\/strong>: 63 cm<\/p>\n<p><strong>Dental Status:<\/strong> Correct bite. Fullset of teeth<\/p>\n<p><strong>Health<\/strong>:<\/p>\n<p>JME: non carrier\/free<\/p>\n<p>DM: N\/DM carrier (exon 2)<\/p>\n<p>Hemophilia B: non carrier\/free<\/p>\n<p>D-locus D1: non carrier\/free<\/p>\n<p>B-locus: B\/B<\/p>\n<p><strong>Bloodtracking<\/strong>: Swedish bloodtracking champion<\/p>\n<p><strong>Shows<\/strong>: Deltagit i ett antal under \u00e5ren med blandat resultat Excellent till Very Good<\/p>\n<p><strong>Nosework: <\/strong>Godk\u00e4nt doftprov 1<\/p>\n<p><strong>Litter:<\/strong> 2022-07-11<\/p>\n<p><strong>Breeder<\/strong>: Eva Bryntse, Oppig\u00e5rden&#8217;s<\/p>\n<p><strong>Owner<\/strong>: H\u00e9l\u00e8ne Lewinter<\/p>\n<p><strong>Elsa&#8217;s BPH<\/strong>: Approved by shot <a href=\"https:\/\/hundar.skk.se\/avelsdata\/Flikar.aspx?sida=Hund_info&amp;id=3166365\"><span style=\"color: #0000ff;\">se resultat<\/span><\/a><\/p>\n<p><img loading=\"lazy\" decoding=\"async\" class=\"size-medium wp-image-103 alignleft\" src=\"https:\/\/lewinteridges.se\/wp-content\/uploads\/2018\/11\/Elsa-bph-300x240.png\" alt=\"\" width=\"300\" height=\"240\" srcset=\"https:\/\/lewinteridges.se\/wp-content\/uploads\/2018\/11\/Elsa-bph-300x240.png 300w, https:\/\/lewinteridges.se\/wp-content\/uploads\/2018\/11\/Elsa-bph.png 600w\" sizes=\"auto, (max-width: 300px) 100vw, 300px\" \/><\/p>\n<p>&nbsp;<\/p>\n<p>&nbsp;<\/p>\n<p>&nbsp;<\/p>\n<p>&nbsp;<\/p>\n<p>&nbsp;<\/p>\n<p>&nbsp;<\/p>\n<p>&nbsp;<\/p>\n<p><img loading=\"lazy\" decoding=\"async\" class=\"alignnone wp-image-344 size-thumbnail\" src=\"https:\/\/lewinteridges.se\/wp-content\/uploads\/2019\/05\/Elsa-150x150.jpg\" alt=\"\" width=\"150\" height=\"150\" \/><img loading=\"lazy\" decoding=\"async\" class=\"alignnone size-thumbnail wp-image-1103\" src=\"https:\/\/lewinteridges.se\/wp-content\/uploads\/2025\/02\/IMG_1255-150x150.jpeg\" alt=\"\" width=\"150\" height=\"150\" \/><img loading=\"lazy\" decoding=\"async\" class=\"wp-image-263 size-thumbnail alignleft\" src=\"https:\/\/lewinteridges.se\/wp-content\/uploads\/2018\/11\/7D1C3166-86CF-4A19-B1D4-86DC20BB39EA-150x150.jpeg\" alt=\"\" width=\"150\" height=\"150\" srcset=\"https:\/\/lewinteridges.se\/wp-content\/uploads\/2018\/11\/7D1C3166-86CF-4A19-B1D4-86DC20BB39EA-150x150.jpeg 150w, https:\/\/lewinteridges.se\/wp-content\/uploads\/2018\/11\/7D1C3166-86CF-4A19-B1D4-86DC20BB39EA-298x300.jpeg 298w, https:\/\/lewinteridges.se\/wp-content\/uploads\/2018\/11\/7D1C3166-86CF-4A19-B1D4-86DC20BB39EA-768x774.jpeg 768w, https:\/\/lewinteridges.se\/wp-content\/uploads\/2018\/11\/7D1C3166-86CF-4A19-B1D4-86DC20BB39EA-1016x1024.jpeg 1016w, https:\/\/lewinteridges.se\/wp-content\/uploads\/2018\/11\/7D1C3166-86CF-4A19-B1D4-86DC20BB39EA-960x968.jpeg 960w, https:\/\/lewinteridges.se\/wp-content\/uploads\/2018\/11\/7D1C3166-86CF-4A19-B1D4-86DC20BB39EA.jpeg 1984w\" sizes=\"auto, (max-width: 150px) 100vw, 150px\" \/><img loading=\"lazy\" decoding=\"async\" class=\"alignleft wp-image-268 size-thumbnail\" src=\"https:\/\/lewinteridges.se\/wp-content\/uploads\/2018\/11\/1D89EA3E-91C0-4FA6-BC7A-F3A75463267C-150x150.jpeg\" alt=\"\" width=\"150\" height=\"150\" \/><img loading=\"lazy\" decoding=\"async\" class=\"alignleft wp-image-534 size-thumbnail\" src=\"https:\/\/lewinteridges.se\/wp-content\/uploads\/2020\/10\/1C4E1D16-CA62-47F1-ACFB-9B185D55A857-e1602749669583-150x150.jpeg\" alt=\"\" width=\"150\" height=\"150\" srcset=\"https:\/\/lewinteridges.se\/wp-content\/uploads\/2020\/10\/1C4E1D16-CA62-47F1-ACFB-9B185D55A857-e1602749669583-150x150.jpeg 150w, https:\/\/lewinteridges.se\/wp-content\/uploads\/2020\/10\/1C4E1D16-CA62-47F1-ACFB-9B185D55A857-e1602749669583-300x300.jpeg 300w, https:\/\/lewinteridges.se\/wp-content\/uploads\/2020\/10\/1C4E1D16-CA62-47F1-ACFB-9B185D55A857-e1602749669583.jpeg 640w\" sizes=\"auto, (max-width: 150px) 100vw, 150px\" \/><img loading=\"lazy\" decoding=\"async\" class=\"alignleft wp-image-482 size-thumbnail\" src=\"https:\/\/lewinteridges.se\/wp-content\/uploads\/2020\/09\/IMG_30791-150x150.jpg\" alt=\"Elsa i gr\u00f6ngr\u00e4set\" width=\"150\" height=\"150\" srcset=\"https:\/\/lewinteridges.se\/wp-content\/uploads\/2020\/09\/IMG_30791-150x150.jpg 150w, https:\/\/lewinteridges.se\/wp-content\/uploads\/2020\/09\/IMG_30791-300x300.jpg 300w, https:\/\/lewinteridges.se\/wp-content\/uploads\/2020\/09\/IMG_30791-1024x1024.jpg 1024w, https:\/\/lewinteridges.se\/wp-content\/uploads\/2020\/09\/IMG_30791-768x768.jpg 768w, https:\/\/lewinteridges.se\/wp-content\/uploads\/2020\/09\/IMG_30791-1536x1536.jpg 1536w, https:\/\/lewinteridges.se\/wp-content\/uploads\/2020\/09\/IMG_30791-2048x2048.jpg 2048w, https:\/\/lewinteridges.se\/wp-content\/uploads\/2020\/09\/IMG_30791-960x960.jpg 960w\" sizes=\"auto, (max-width: 150px) 100vw, 150px\" \/><\/p>\n","protected":false},"excerpt":{"rendered":"<p>SEVCH Oppig\u00e5rden&#8217;s F\u00f6rg\u00e4tmigej aka Elsa D.O.B: 2016-09-15 Sex: Bitch Sire: Cassado Than By Borana aka Cassado Dame: Oppig\u00e5rden&#8217;s Hj\u00e4rter Ess aka Lai Elbows: 0\/0 Clear Hips: A\/A Clear Weight: 29 kg Height: 63 cm Dental Status: Correct bite. Fullset of teeth Health: JME: non carrier\/free DM: N\/DM carrier (exon 2) Hemophilia B: non carrier\/free D-locus&hellip;<\/p>\n","protected":false},"author":1,"featured_media":0,"parent":23,"menu_order":1,"comment_status":"closed","ping_status":"closed","template":"","meta":{"footnotes":""},"class_list":["post-6","page","type-page","status-publish","hentry"],"_links":{"self":[{"href":"https:\/\/lewinteridges.se\/index.php?rest_route=\/wp\/v2\/pages\/6","targetHints":{"allow":["GET"]}}],"collection":[{"href":"https:\/\/lewinteridges.se\/index.php?rest_route=\/wp\/v2\/pages"}],"about":[{"href":"https:\/\/lewinteridges.se\/index.php?rest_route=\/wp\/v2\/types\/page"}],"author":[{"embeddable":true,"href":"https:\/\/lewinteridges.se\/index.php?rest_route=\/wp\/v2\/users\/1"}],"replies":[{"embeddable":true,"href":"https:\/\/lewinteridges.se\/index.php?rest_route=%2Fwp%2Fv2%2Fcomments&post=6"}],"version-history":[{"count":37,"href":"https:\/\/lewinteridges.se\/index.php?rest_route=\/wp\/v2\/pages\/6\/revisions"}],"predecessor-version":[{"id":1123,"href":"https:\/\/lewinteridges.se\/index.php?rest_route=\/wp\/v2\/pages\/6\/revisions\/1123"}],"up":[{"embeddable":true,"href":"https:\/\/lewinteridges.se\/index.php?rest_route=\/wp\/v2\/pages\/23"}],"wp:attachment":[{"href":"https:\/\/lewinteridges.se\/index.php?rest_route=%2Fwp%2Fv2%2Fmedia&parent=6"}],"curies":[{"name":"wp","href":"https:\/\/api.w.org\/{rel}","templated":true}]}}